{"id":1436,"date":"2026-02-03T09:30:54","date_gmt":"2026-02-03T09:30:54","guid":{"rendered":"https:\/\/baysundor.com\/actualites\/"},"modified":"2026-03-05T03:20:23","modified_gmt":"2026-03-05T03:20:23","slug":"actualites","status":"publish","type":"page","link":"https:\/\/baysundor.com\/fr\/actualites\/","title":{"rendered":"ACTUALIT\u00c9S"},"content":{"rendered":"\t\t<div data-elementor-type=\"wp-page\" data-elementor-id=\"1436\" class=\"elementor elementor-1436 elementor-870\" data-elementor-post-type=\"page\">\n\t\t\t\t<div class=\"elementor-element elementor-element-5fa84869 e-con-full e-flex e-con e-parent\" data-id=\"5fa84869\" data-element_type=\"container\" data-e-type=\"container\" data-settings=\"{&quot;background_background&quot;:&quot;classic&quot;}\">\n\t\t\t\t<div class=\"elementor-element elementor-element-40ff511e elementor-widget-mobile__width-initial elementor-widget elementor-widget-heading\" data-id=\"40ff511e\" data-element_type=\"widget\" data-e-type=\"widget\" data-settings=\"{&quot;htmega_fe&quot;:&quot;no&quot;}\" data-widget_type=\"heading.default\">\n\t\t\t\t\t<h1 class=\"elementor-heading-title elementor-size-default\">ACTUALIT\u00c9S<\/h1>\t\t\t\t<\/div>\n\t\t\t\t<\/div>\n\t\t<div class=\"elementor-element elementor-element-2e7abc5 e-con-full e-flex e-con e-parent\" data-id=\"2e7abc5\" data-element_type=\"container\" data-e-type=\"container\">\n\t\t\t\t<div class=\"elementor-element elementor-element-f892196 elementor-widget elementor-widget-sidebar\" data-id=\"f892196\" data-element_type=\"widget\" data-e-type=\"widget\" data-settings=\"{&quot;htmega_fe&quot;:&quot;no&quot;}\" data-widget_type=\"sidebar.default\">\n\t\t\t\t\t<aside id=\"block-8\" class=\"widget widget_block\"> \n<div data-block=\"gutenkit\/blog-posts\" data-post-id=\"1436\" class=\"wp-block-gutenkit-blog-posts gkit0e9598 gutenkit-block\" id=\"block-951a2b9f-fde8-405b-aae8-3e24c60e9598\">\n\t<div class=\"gutenkit-blog-posts gutenkit-blog-posts-layout-list\">\n\t\t\t<\/div>\n<\/div>\n <\/aside><aside id=\"block-9\" class=\"widget widget_block\"> \n<div data-block=\"gutenkit\/blog-posts\" data-post-id=\"1436\" class=\"wp-block-gutenkit-blog-posts gkit45afdf gutenkit-block\" id=\"block-aeb4dcaa-8320-4486-8191-a59cce45afdf\">\n\t<div class=\"gutenkit-blog-posts gutenkit-blog-posts-layout-list\">\n\t\t\t<\/div>\n<\/div>\n <\/aside>\t\t\t\t<\/div>\n\t\t\t\t<\/div>\n\t\t<div class=\"elementor-element elementor-element-511117c e-flex e-con-boxed e-con e-parent\" data-id=\"511117c\" data-element_type=\"container\" data-e-type=\"container\">\n\t\t\t\t\t<div class=\"e-con-inner\">\n\t\t\t\t<div class=\"elementor-element elementor-element-c79e970 elementor-position-top elementor-widget elementor-widget-image-box\" data-id=\"c79e970\" data-element_type=\"widget\" data-e-type=\"widget\" data-settings=\"{&quot;htmega_fe&quot;:&quot;no&quot;}\" data-widget_type=\"image-box.default\">\n\t\t\t\t\t<div class=\"elementor-image-box-wrapper\"><figure class=\"elementor-image-box-img\"><a href=\"https:\/\/baysundor.com\/fr\/actualites\/comprehensive-analysis-of-drywall-screws-uses-types-buying-guide-and-installation-tips-2026-latest\/\" tabindex=\"-1\"><img fetchpriority=\"high\" decoding=\"async\" width=\"800\" height=\"800\" src=\"https:\/\/baysundor.com\/wp-content\/uploads\/2026\/02\/0.2.jpg\" class=\"attachment-full size-full wp-image-3356\" alt=\"\" srcset=\"https:\/\/baysundor.com\/wp-content\/uploads\/2026\/02\/0.2.jpg 800w, https:\/\/baysundor.com\/wp-content\/uploads\/2026\/02\/0.2-300x300.jpg 300w, https:\/\/baysundor.com\/wp-content\/uploads\/2026\/02\/0.2-150x150.jpg 150w, https:\/\/baysundor.com\/wp-content\/uploads\/2026\/02\/0.2-768x768.jpg 768w\" sizes=\"(max-width: 800px) 100vw, 800px\" \/><\/a><\/figure><div class=\"elementor-image-box-content\"><h3 class=\"elementor-image-box-title\"><a href=\"https:\/\/baysundor.com\/fr\/actualites\/comprehensive-analysis-of-drywall-screws-uses-types-buying-guide-and-installation-tips-2026-latest\/\">Analyse compl\u00e8te des vis pour cloisons s\u00e8ches : utilisations, types, guide d\u2019achat et conseils de pose [Derni\u00e8re \u00e9dition 2026]<\/a><\/h3><\/div><\/div>\t\t\t\t<\/div>\n\t\t\t\t\t<\/div>\n\t\t\t\t<\/div>\n\t\t\t\t<\/div>\n\t\t","protected":false},"excerpt":{"rendered":"<p>ACTUALIT\u00c9S Analyse compl\u00e8te des vis pour cloisons s\u00e8ches : utilisations, types, guide d\u2019achat et conseils de pose [Derni\u00e8re \u00e9dition 2026]<\/p>\n","protected":false},"author":1,"featured_media":0,"parent":0,"menu_order":0,"comment_status":"closed","ping_status":"closed","template":"","meta":{"postBodyCss":"","postBodyMargin":[],"postBodyPadding":[],"postBodyBackground":{"backgroundType":"classic","gradient":""},"site-sidebar-layout":"no-sidebar","site-content-layout":"","ast-site-content-layout":"full-width-container","site-content-style":"default","site-sidebar-style":"default","ast-global-header-display":"","ast-banner-title-visibility":"","ast-main-header-display":"","ast-hfb-above-header-display":"","ast-hfb-below-header-display":"","ast-hfb-mobile-header-display":"","site-post-title":"disabled","ast-breadcrumbs-content":"","ast-featured-img":"disabled","footer-sml-layout":"","ast-disable-related-posts":"","theme-transparent-header-meta":"default","adv-header-id-meta":"","stick-header-meta":"","header-above-stick-meta":"","header-main-stick-meta":"","header-below-stick-meta":"","astra-migrate-meta-layouts":"default","ast-page-background-enabled":"default","ast-page-background-meta":{"desktop":{"background-color":"var(--ast-global-color-5)","background-image":"","background-repeat":"repeat","background-position":"center center","background-size":"auto","background-attachment":"scroll","background-type":"","background-media":"","overlay-type":"","overlay-color":"","overlay-opacity":"","overlay-gradient":""},"tablet":{"background-color":"","background-image":"","background-repeat":"repeat","background-position":"center center","background-size":"auto","background-attachment":"scroll","background-type":"","background-media":"","overlay-type":"","overlay-color":"","overlay-opacity":"","overlay-gradient":""},"mobile":{"background-color":"","background-image":"","background-repeat":"repeat","background-position":"center center","background-size":"auto","background-attachment":"scroll","background-type":"","background-media":"","overlay-type":"","overlay-color":"","overlay-opacity":"","overlay-gradient":""}},"ast-content-background-meta":{"desktop":{"background-color":"var(--ast-global-color-4)","background-image":"","background-repeat":"repeat","background-position":"center center","background-size":"auto","background-attachment":"scroll","background-type":"","background-media":"","overlay-type":"","overlay-color":"","overlay-opacity":"","overlay-gradient":""},"tablet":{"background-color":"var(--ast-global-color-4)","background-image":"","background-repeat":"repeat","background-position":"center center","background-size":"auto","background-attachment":"scroll","background-type":"","background-media":"","overlay-type":"","overlay-color":"","overlay-opacity":"","overlay-gradient":""},"mobile":{"background-color":"var(--ast-global-color-4)","background-image":"","background-repeat":"repeat","background-position":"center center","background-size":"auto","background-attachment":"scroll","background-type":"","background-media":"","overlay-type":"","overlay-color":"","overlay-opacity":"","overlay-gradient":""}},"footnotes":""},"class_list":["post-1436","page","type-page","status-publish","hentry"],"aioseo_notices":[],"_hostinger_reach_plugin_has_subscription_block":false,"_hostinger_reach_plugin_is_elementor":false,"_links":{"self":[{"href":"https:\/\/baysundor.com\/fr\/wp-json\/wp\/v2\/pages\/1436","targetHints":{"allow":["GET"]}}],"collection":[{"href":"https:\/\/baysundor.com\/fr\/wp-json\/wp\/v2\/pages"}],"about":[{"href":"https:\/\/baysundor.com\/fr\/wp-json\/wp\/v2\/types\/page"}],"author":[{"embeddable":true,"href":"https:\/\/baysundor.com\/fr\/wp-json\/wp\/v2\/users\/1"}],"replies":[{"embeddable":true,"href":"https:\/\/baysundor.com\/fr\/wp-json\/wp\/v2\/comments?post=1436"}],"version-history":[{"count":6,"href":"https:\/\/baysundor.com\/fr\/wp-json\/wp\/v2\/pages\/1436\/revisions"}],"predecessor-version":[{"id":3369,"href":"https:\/\/baysundor.com\/fr\/wp-json\/wp\/v2\/pages\/1436\/revisions\/3369"}],"wp:attachment":[{"href":"https:\/\/baysundor.com\/fr\/wp-json\/wp\/v2\/media?parent=1436"}],"curies":[{"name":"wp","href":"https:\/\/api.w.org\/{rel}","templated":true}]}}